{"id":12470,"date":"2020-08-05T16:27:18","date_gmt":"2020-08-05T19:27:18","guid":{"rendered":"https:\/\/conecto.ar\/clientes\/?page_id=12470"},"modified":"2020-08-05T16:28:45","modified_gmt":"2020-08-05T19:28:45","slug":"nosotros","status":"publish","type":"page","link":"https:\/\/conecto.ar\/clientes\/nosotros\/","title":{"rendered":"Nosotros"},"content":{"rendered":"\t\t<div data-elementor-type=\"wp-page\" data-elementor-id=\"12470\" class=\"elementor elementor-12470\">\n\t\t\t\t\t\t\t\t\t<section class=\"elementor-section elementor-top-section elementor-element elementor-element-d60b91d elementor-section-boxed elementor-section-height-default elementor-section-height-default\" data-id=\"d60b91d\" data-element_type=\"section\">\n\t\t\t\t\t\t<div class=\"elementor-container elementor-column-gap-default\">\n\t\t\t\t\t<div class=\"elementor-column elementor-col-100 elementor-top-column elementor-element elementor-element-31f267e\" data-id=\"31f267e\" data-element_type=\"column\">\n\t\t\t<div class=\"elementor-widget-wrap elementor-element-populated\">\n\t\t\t\t\t\t\t\t<div class=\"elementor-element elementor-element-c24b364 elementor-widget elementor-widget-text-editor\" data-id=\"c24b364\" data-element_type=\"widget\" data-widget_type=\"text-editor.default\">\n\t\t\t\t<div class=\"elementor-widget-container\">\n\t\t\t\t\t\t\t<p style=\"text-align: justify;\"><strong>Offer<\/strong> es una empresa Argentina orientada a buscar la excelencia en el comercio electr\u00f3nico.<\/p><p style=\"text-align: justify;\">Somos una plataforma e-commerce con miles de productos originales que tiene como objetivo brindar precios competitivos y satisfacer todo tipo de necesidades para nuestros clientes.<\/p><p style=\"text-align: justify;\">En Offer nuestra prioridad es el cliente y su experiencia durante todo el proceso compra por tal raz\u00f3n creamos una p\u00e1gina muy f\u00e1cil de operar.<\/p><p style=\"text-align: justify;\">Nos enfocamos en brindarle al p\u00fablico una amplia variedad de productos de la manera m\u00e1s accesible posible, comprometi\u00e9ndonos con la excelencia operativa.<\/p><p style=\"text-align: justify;\">Desde cualquier lugar de nuestra web podr\u00e1 chatear en el momento por WhatsApp con nuestros representantes para no solo realizar preguntas sobre productos existentes sino tambi\u00e9n brindar un asesoramiento personalizado sobre esos productos u otros que desee comprar que no est\u00e1n en la p\u00e1gina.<\/p>\t\t\t\t\t\t<\/div>\n\t\t\t\t<\/div>\n\t\t\t\t\t<\/div>\n\t\t<\/div>\n\t\t\t\t\t\t\t<\/div>\n\t\t<\/section>\n\t\t\t\t\t\t\t<\/div>\n\t\t","protected":false},"excerpt":{"rendered":"<p>Offer es una empresa Argentina orientada a buscar la excelencia en el comercio electr\u00f3nico. Somos una plataforma e-commerce con miles de productos originales que tiene como objetivo brindar precios competitivos y satisfacer todo tipo de necesidades para nuestros clientes. En Offer nuestra prioridad es el cliente y su experiencia durante todo el proceso compra por&hellip;<\/p>\n","protected":false},"author":1,"featured_media":0,"parent":0,"menu_order":0,"comment_status":"closed","ping_status":"closed","template":"","meta":{"footnotes":""},"_links":{"self":[{"href":"https:\/\/conecto.ar\/clientes\/wp-json\/wp\/v2\/pages\/12470"}],"collection":[{"href":"https:\/\/conecto.ar\/clientes\/wp-json\/wp\/v2\/pages"}],"about":[{"href":"https:\/\/conecto.ar\/clientes\/wp-json\/wp\/v2\/types\/page"}],"author":[{"embeddable":true,"href":"https:\/\/conecto.ar\/clientes\/wp-json\/wp\/v2\/users\/1"}],"replies":[{"embeddable":true,"href":"https:\/\/conecto.ar\/clientes\/wp-json\/wp\/v2\/comments?post=12470"}],"version-history":[{"count":0,"href":"https:\/\/conecto.ar\/clientes\/wp-json\/wp\/v2\/pages\/12470\/revisions"}],"wp:attachment":[{"href":"https:\/\/conecto.ar\/clientes\/wp-json\/wp\/v2\/media?parent=12470"}],"curies":[{"name":"wp","href":"https:\/\/api.w.org\/{rel}","templated":true}]}}