{"id":451,"date":"2017-12-15T10:26:09","date_gmt":"2017-12-15T10:26:09","guid":{"rendered":"http:\/\/demo2.drfuri.com\/martfury10\/?page_id=451"},"modified":"2022-11-17T21:23:05","modified_gmt":"2022-11-18T00:23:05","slug":"terminos-condiciones","status":"publish","type":"page","link":"https:\/\/conecto.ar\/clientes\/terminos-condiciones\/","title":{"rendered":"T\u00e9rminos y condiciones"},"content":{"rendered":"<p>Este sitio Web <a href=\"https:\/\/conecto.ar\/clientes\">www.offer.com.ar<\/a> \u00a0(INPI Registro en tramite), (en adelante LA EMPRESA) y su acceso y utilizaci\u00f3n est\u00e1 sujeta a la aceptaci\u00f3n y cumplimiento de los t\u00e9rminos y condiciones que se exponen a continuaci\u00f3n:<\/p>\n<ol>\n<li><strong>RESPONSABILIDAD<\/strong><\/li>\n<\/ol>\n<p>LA EMPRESA se reserva el derecho de modificar en forma unilateral, sin mediar previo aviso, estos T\u00e9rminos y Condiciones, como as\u00ed tambi\u00e9n el dise\u00f1o, la presentaci\u00f3n o su configuraci\u00f3n, los servicios ofrecidos, los requisitos de registro o de utilizaci\u00f3n de la p\u00e1gina, sin que ello genere derecho a reclamo o indemnizaci\u00f3n alguna en favor del USUARIO y\/o VISITANTE.<\/p>\n<p>La utilizaci\u00f3n de los servicios y\/o herramientas digitales, existentes en la p\u00e1gina, requerir\u00e1n del\u00a0USUARIO y\/o VISITANTE la aceptaci\u00f3n de los t\u00e9rminos y condiciones que completan las previsiones contenidas en la presente en cuanto no se opongan a ellas.<\/p>\n<p>LA EMPRESA no se responsabilizar\u00e1 por la existencia, actualizaci\u00f3n, veracidad, privacidad, funcionamiento, modificaciones, contenidos, ofertas y legalidad de los sitios de terceros vinculados a trav\u00e9s del presente sitio web. LA EMPRESA no ser\u00e1 responsable por las transacciones efectuadas entre el USUARIO y\/o VISITANTE y los sitios con v\u00ednculos de la p\u00e1gina.<\/p>\n<p>El USUARIO y\/o VISITANTE no podr\u00e1, remover, eliminar, aumentar, a\u00f1adir, ni de cualquier otra forma modificar total o parcialmente el Contenido. Tampoco podr\u00e1 volcar t\u00e9rminos o utilizar expresiones injuriosas, intimidatorias, calumniantes o contrarias a las buenas costumbres. No podr\u00e1 transmitir informaci\u00f3n o material que pueda, concreta o eventualmente, violar derechos de un tercero o que contenga virus o cualquier otro componente da\u00f1ino.<\/p>\n<p>LA EMPRESA se reserva el derecho de extraer y editar en su totalidad o de manera fraccionada, cualquier mensaje o material suscripto o remitido por el USUARIO y\/o VISITANTE. As\u00ed mismo, el USUARIO y\/o VISITANTE garantiza a LA EMPRESA el permiso para la utilizaci\u00f3n de cualquier informaci\u00f3n, sugerencia, idea, dibujo o concepto vertido, con el prop\u00f3sito que LA EMPRESA la utilice para la obtenci\u00f3n de informaci\u00f3n estad\u00edstica que permita mejorar el servicio, sin ning\u00fan derecho de compensaci\u00f3n en favor del USUARIO y\/o VISITANTE.<\/p>\n<p>El USUARIO y\/o VISITANTE se obliga a usar el Sitio de conformidad con estos T\u00e9rminos y Condiciones, en forma diligente, correcta y l\u00edcita, y conforme con la moral y las buenas costumbres. El USUARIO y\/o VISITANTE responder\u00e1 por los da\u00f1os y perjuicios de toda naturaleza que LA EMPRESA pueda sufrir, directa o indirectamente, como consecuencia del incumplimiento de cualquiera de las obligaciones derivadas de estos T\u00e9rminos y Condiciones.<\/p>\n<p>LA EMPRESA podr\u00e1 suspender transitoriamente o finalizar la publicaci\u00f3n de la p\u00e1gina sin aviso previo y en cualquier momento, sin que ello genere derecho a indemnizaci\u00f3n alguna en favor del USUARIO y\/o VISITANTE.<\/p>\n<p>El USUARIO y\/o VISITANTE reconoce y acepta que el uso de esta p\u00e1gina es bajo su propio y exclusivo riesgo.<\/p>\n<p>El USUARIO y\/o VISITANTE reconoce y acepta que ni LA EMPRESA, ni los directores, empleados o representantes de cualquiera de ellos, es responsable por da\u00f1os que surjan de o resulten del uso de esta p\u00e1gina, incluyendo cualquier error, omisi\u00f3n, interrupci\u00f3n, falla, eliminaci\u00f3n de archivos o correos electr\u00f3nicos (e-mails), defectos, virus, y\/o demoras en la operaci\u00f3n o transmisi\u00f3n y\/o de cualquier otro tipo.<\/p>\n<p>La p\u00e1gina puede ser utilizada por el USUARIO y\/o VISITANTE en forma totalmente libre y gratuita.<\/p>\n<p><strong>2. CANCELACI\u00d3N DE COMPRA<\/strong><\/p>\n<p>La EMPRESA podr\u00e1 cancelar la compra realizando el reembolso del total del monto abonado por el mismo medio de pago con el que fue pagado en caso que lo considere conveniente sin mediar raz\u00f3n alguna no debiendo abonar ning\u00fan tipo de resarcimiento ni compensaci\u00f3n al cliente por dicha cancelaci\u00f3n.<\/p>\n<p>El CLIENTE no tendr\u00e1 derecho a reclamo alguno en caso de que la EMPRESA decida realizar la cancelaci\u00f3n de la orden de compra.<\/p>\n<p><strong>3. PLAZO DE ENTREGA<\/strong><\/p>\n<p>Los pedidos se despachan entre 3 y 7 d\u00edas h\u00e1biles de realizada la compra. Una vez despachado el producto se le comunicar\u00e1 al comprador por mail o WhatsApp el N\u00b0 de gu\u00eda para que pueda realizar el seguimiento de su compra.<\/p>\n<p>El pazo de entrega es entre 3 y 10 d\u00edas h\u00e1biles de haber realizado la compra.<\/p>\n<p>Pasado el plazo de 10 d\u00edas h\u00e1biles de realizada la compra si el cliente no recibe el\/los productos adquiridos tendr\u00e1 derecho a solicitar la cancelaci\u00f3n de la compra y la empresa deber\u00e1 reintegrar el total del importe abonado de la misma forma en el cual fue abonado el pedido.<\/p>\n<p><strong>4. ENV\u00cdOS<\/strong><\/p>\n<p>La empresa se reserva el derecho de realizar los envios por la empresa de correos o transporte que considere conveniente.<\/p>\n<p>Los prodcutos publicados que poseen envio sin cargo no requieren que el cliente abone costo alguno por dicho envio.<\/p>\n<p>Cuando el cliente adquiere un prodcuto que se encuentra calificado con envio sin cargo donde el cliente no abona un costo de envio difrencial en el pedido, la empresa se reserva el derecho de enviar dicho al domicilio o la sucursal del Correo o transporte mas cercana a su domicilio sin derecho alguno a reclamo por parte del cliente.<\/p>\n<p><strong>5. SITIOS ENLAZADOS<\/strong><\/p>\n<p>A trav\u00e9s de la presente p\u00e1gina se pone a su disposici\u00f3n dispositivos t\u00e9cnicos de enlace (tales como, entre otros, links, banners, botones), directorios y herramientas de b\u00fasqueda que les permiten acceder a p\u00e1ginas web pertenecientes a terceros (en adelante los \u201cSITIOS ENLAZADOS\u201d). La instalaci\u00f3n de estos enlaces en las p\u00e1ginas de LA EMPRESA se limita a facilitar a los USUARIO y\/o VISITANTE, la b\u00fasqueda y acceso, a la informaci\u00f3n disponible de los sitios enlazados en Internet, y no presupone que existe ninguna clase de v\u00ednculo o asociaci\u00f3n entre LA EMPRESA, sus subsidiarias o afiliadas y los operadores de los sitios enlazados. LA EMPRESA no controla, ni hacen propios los servicios, informaci\u00f3n, datos, archivos, productos y cualquier clase de material existente en los sitios enlazados. Por lo tanto, el USUARIO y\/o VISITANTE, debe extremar la prudencia en la valoraci\u00f3n y utilizaci\u00f3n de los servicios, informaci\u00f3n, datos, archivos, productos y cualquier clase de material existente en los sitios enlazados.<\/p>\n<p>LA EMPRESA no garantiza ni asume responsabilidad alguna por los da\u00f1os y perjuicios que de cualquier naturaleza pueda causarse por:<\/p>\n<ol>\n<li>a) El funcionamiento, disponibilidad, accesibilidad o continuidad de sitios enlazados.<\/li>\n<li>b) El mantenimiento de los servicios, informaci\u00f3n, datos, archivos, productos y cualquier clase de material existente en los sitios enlazados.<\/li>\n<li>c) Las obligaciones y ofertas existentes en los sitios enlazados.<\/li>\n<\/ol>\n<p><strong>5.1. CALIDAD<\/strong><\/p>\n<p>Mediante el uso de esta p\u00e1gina, el USUARIO y\/o VISITANTE reconoce y acepta que LA EMPRESA no controla ni garantiza la ausencia de virus en el contenido de los sitios enlazados, ni la ausencia de otros\u00a0elementos que pudieran producir alteraciones en sus sistemas inform\u00e1ticos o en los documentos electr\u00f3nicos y archivos almacenados en los archivos inform\u00e1ticos del USUARIO.<\/p>\n<p><strong>5.2. PROPIEDAD INTELECTUAL<\/strong><\/p>\n<p>Mediante el uso de esta p\u00e1gina, el USUARIO y\/o VISITANTE reconoce y acepta que LA EMPRESA queda excluida de cualquier responsabilidad que pudiera ser causada por el uso no autorizado de las marcas u otros derechos de propiedad intelectual de terceros o contenidos en los sitios enlazados.<\/p>\n<p>De igual manera, las eventuales referencias que se hagan en esta p\u00e1gina a cualquier producto, servicio, proceso, sitio enlazado, hipertexto o cualquier otra informaci\u00f3n en la que se utilicen marcas, signos distintivos o dominios, el nombre comercial o el nombre del fabricante,<\/p>\n<p>suministrador, etc., que sean titularidad de terceros, en ning\u00fan momento constituir\u00e1n, ni implicar\u00e1n respaldo o recomendaci\u00f3n alguna por parte de LA EMPRESA. Y en ning\u00fan caso,<\/p>\n<p>LA EMPRESA se asignar\u00e1 propiedad ni responsabilidad sobre los mismos.<\/p>\n<p><strong>6. Productos Outlet o Caja Abierta (Open Box)<\/strong><\/p>\n<p>Estos productos se ver\u00e1n destacados en el t\u00edtulo del producto con algunas de las siguientes leyendas:<br \/>\n&#8211; Outlet<br \/>\n&#8211; Open Box<br \/>\nSon aquellos productos que fueron devueltos por los clientes y sus cajas estan abiertas y pueden tener devirsos defectos o marcas en la caja o producto, asi como tambien faltante de algun elemento que compone el listado de la caja cerrada.<br \/>\nEstos productos deben funcionar en perfecto estado y poseen la garant\u00eda correspondiente segun marca y modelo.<\/p>\n","protected":false},"excerpt":{"rendered":"<p>Este sitio Web www.offer.com.ar \u00a0(INPI Registro en tramite), (en adelante LA EMPRESA) y su acceso y utilizaci\u00f3n est\u00e1 sujeta a la aceptaci\u00f3n y cumplimiento de los t\u00e9rminos y condiciones que se exponen a continuaci\u00f3n: RESPONSABILIDAD LA EMPRESA se reserva el derecho de modificar en forma unilateral, sin mediar previo aviso, estos T\u00e9rminos y Condiciones, como&hellip;<\/p>\n","protected":false},"author":1,"featured_media":0,"parent":0,"menu_order":0,"comment_status":"closed","ping_status":"closed","template":"","meta":{"footnotes":""},"_links":{"self":[{"href":"https:\/\/conecto.ar\/clientes\/wp-json\/wp\/v2\/pages\/451"}],"collection":[{"href":"https:\/\/conecto.ar\/clientes\/wp-json\/wp\/v2\/pages"}],"about":[{"href":"https:\/\/conecto.ar\/clientes\/wp-json\/wp\/v2\/types\/page"}],"author":[{"embeddable":true,"href":"https:\/\/conecto.ar\/clientes\/wp-json\/wp\/v2\/users\/1"}],"replies":[{"embeddable":true,"href":"https:\/\/conecto.ar\/clientes\/wp-json\/wp\/v2\/comments?post=451"}],"version-history":[{"count":0,"href":"https:\/\/conecto.ar\/clientes\/wp-json\/wp\/v2\/pages\/451\/revisions"}],"wp:attachment":[{"href":"https:\/\/conecto.ar\/clientes\/wp-json\/wp\/v2\/media?parent=451"}],"curies":[{"name":"wp","href":"https:\/\/api.w.org\/{rel}","templated":true}]}}