{"id":55915,"date":"2022-05-18T00:40:08","date_gmt":"2022-05-18T03:40:08","guid":{"rendered":"https:\/\/conecto.ar\/clientes\/?page_id=55915"},"modified":"2022-05-18T00:46:24","modified_gmt":"2022-05-18T03:46:24","slug":"arrepentimiento-de-compra","status":"publish","type":"page","link":"https:\/\/conecto.ar\/clientes\/arrepentimiento-de-compra\/","title":{"rendered":"Arrepentimiento de compra"},"content":{"rendered":"\t\t<div data-elementor-type=\"wp-page\" data-elementor-id=\"55915\" class=\"elementor elementor-55915\">\n\t\t\t\t\t\t\t\t\t<section class=\"elementor-section elementor-top-section elementor-element elementor-element-dfba10a elementor-section-boxed elementor-section-height-default elementor-section-height-default\" data-id=\"dfba10a\" data-element_type=\"section\">\n\t\t\t\t\t\t<div class=\"elementor-container elementor-column-gap-default\">\n\t\t\t\t\t<div class=\"elementor-column elementor-col-100 elementor-top-column elementor-element elementor-element-0cbab63\" data-id=\"0cbab63\" data-element_type=\"column\">\n\t\t\t<div class=\"elementor-widget-wrap elementor-element-populated\">\n\t\t\t\t\t\t\t\t<div class=\"elementor-element elementor-element-281c490 elementor-widget elementor-widget-heading\" data-id=\"281c490\" data-element_type=\"widget\" data-widget_type=\"heading.default\">\n\t\t\t\t<div class=\"elementor-widget-container\">\n\t\t\t<h1 class=\"elementor-heading-title elementor-size-default\">Arrepentimiento de compra<\/h1>\t\t<\/div>\n\t\t\t\t<\/div>\n\t\t\t\t<div class=\"elementor-element elementor-element-9fed174 elementor-widget elementor-widget-text-editor\" data-id=\"9fed174\" data-element_type=\"widget\" data-widget_type=\"text-editor.default\">\n\t\t\t\t<div class=\"elementor-widget-container\">\n\t\t\t\t\t\t\t<p style=\"text-align: center;\">Podr\u00e1s solicitar la cancelaci\u00f3n de tu compra hasta 10 d\u00edas corridos a partir de la entrega del producto.<\/p>\t\t\t\t\t\t<\/div>\n\t\t\t\t<\/div>\n\t\t\t\t<div class=\"elementor-element elementor-element-34879fc elementor-widget elementor-widget-martfury-contact-form-7\" data-id=\"34879fc\" data-element_type=\"widget\" data-widget_type=\"martfury-contact-form-7.default\">\n\t\t\t\t<div class=\"elementor-widget-container\">\n\t\t\t\t\t<div class=\"martfury-contact-form-7\">\r\n\t\t\t[contact-form-7 id=\"55914\"]\t\t<\/div>\r\n\t\t\t\t<\/div>\n\t\t\t\t<\/div>\n\t\t\t\t\t<\/div>\n\t\t<\/div>\n\t\t\t\t\t\t\t<\/div>\n\t\t<\/section>\n\t\t\t\t\t\t\t<\/div>\n\t\t","protected":false},"excerpt":{"rendered":"<p>Arrepentimiento de compra Podr\u00e1s solicitar la cancelaci\u00f3n de tu compra hasta 10 d\u00edas corridos a partir de la entrega del producto. Nombre y Apellido N\u00b0 de pedido Email DNI Motivo<\/p>\n","protected":false},"author":1,"featured_media":0,"parent":0,"menu_order":0,"comment_status":"closed","ping_status":"closed","template":"","meta":{"footnotes":""},"_links":{"self":[{"href":"https:\/\/conecto.ar\/clientes\/wp-json\/wp\/v2\/pages\/55915"}],"collection":[{"href":"https:\/\/conecto.ar\/clientes\/wp-json\/wp\/v2\/pages"}],"about":[{"href":"https:\/\/conecto.ar\/clientes\/wp-json\/wp\/v2\/types\/page"}],"author":[{"embeddable":true,"href":"https:\/\/conecto.ar\/clientes\/wp-json\/wp\/v2\/users\/1"}],"replies":[{"embeddable":true,"href":"https:\/\/conecto.ar\/clientes\/wp-json\/wp\/v2\/comments?post=55915"}],"version-history":[{"count":0,"href":"https:\/\/conecto.ar\/clientes\/wp-json\/wp\/v2\/pages\/55915\/revisions"}],"wp:attachment":[{"href":"https:\/\/conecto.ar\/clientes\/wp-json\/wp\/v2\/media?parent=55915"}],"curies":[{"name":"wp","href":"https:\/\/api.w.org\/{rel}","templated":true}]}}