{"id":7274,"date":"2020-07-21T11:53:41","date_gmt":"2020-07-21T14:53:41","guid":{"rendered":"https:\/\/conecto.ar\/clientes\/?page_id=7274"},"modified":"2021-09-30T17:02:24","modified_gmt":"2021-09-30T20:02:24","slug":"gift-cards","status":"publish","type":"page","link":"https:\/\/conecto.ar\/clientes\/gift-cards\/","title":{"rendered":"Gift Cards"},"content":{"rendered":"\t\t<div data-elementor-type=\"wp-page\" data-elementor-id=\"7274\" class=\"elementor elementor-7274\">\n\t\t\t\t\t\t\t\t\t<section class=\"elementor-section elementor-top-section elementor-element elementor-element-247deff elementor-section-boxed elementor-section-height-default elementor-section-height-default\" data-id=\"247deff\" data-element_type=\"section\">\n\t\t\t\t\t\t<div class=\"elementor-container elementor-column-gap-default\">\n\t\t\t\t\t<div class=\"elementor-column elementor-col-100 elementor-top-column elementor-element elementor-element-1ed4d85\" data-id=\"1ed4d85\" data-element_type=\"column\">\n\t\t\t<div class=\"elementor-widget-wrap elementor-element-populated\">\n\t\t\t\t\t\t\t\t<div class=\"elementor-element elementor-element-2f507a2 elementor-widget elementor-widget-martfury-products-grid\" data-id=\"2f507a2\" data-element_type=\"widget\" data-widget_type=\"martfury-products-grid.default\">\n\t\t\t\t<div class=\"elementor-widget-container\">\n\t\t\t        <div class=\"mf-products-grid woocommerce no-infinite\">\r\n\t\t\t\t\t\t\t<div class=\"cat-header\"><ul class=\"extra-links\"><\/ul><\/div><div class=\"products-content\"><div class=\"woocommerce columns-3 \"><\/div><\/div>\t\t\t        <\/div>\r\n\t\t\t\t<\/div>\n\t\t\t\t<\/div>\n\t\t\t\t\t<\/div>\n\t\t<\/div>\n\t\t\t\t\t\t\t<\/div>\n\t\t<\/section>\n\t\t\t\t\t\t\t<\/div>\n\t\t","protected":false},"excerpt":{"rendered":"<p>VER Feliz d\u00eda Mam\u00e1 &#36;&nbsp;2.500 &#8211; &#36;&nbsp;10.000 Feliz d\u00eda Mam\u00e1 &#36;&nbsp;2.500 &#8211; &#36;&nbsp;10.000 Ver VER Feliz Cumplea\u00f1os &#36;&nbsp;2.500 &#8211; &#36;&nbsp;10.000 Feliz Cumplea\u00f1os &#36;&nbsp;2.500 &#8211; &#36;&nbsp;10.000 Ver VER Feliz Aniversario &#36;&nbsp;2.500 &#8211; &#36;&nbsp;10.000 Feliz Aniversario &#36;&nbsp;2.500 &#8211; &#36;&nbsp;10.000 Ver<\/p>\n","protected":false},"author":1,"featured_media":0,"parent":0,"menu_order":0,"comment_status":"closed","ping_status":"closed","template":"","meta":{"footnotes":""},"_links":{"self":[{"href":"https:\/\/conecto.ar\/clientes\/wp-json\/wp\/v2\/pages\/7274"}],"collection":[{"href":"https:\/\/conecto.ar\/clientes\/wp-json\/wp\/v2\/pages"}],"about":[{"href":"https:\/\/conecto.ar\/clientes\/wp-json\/wp\/v2\/types\/page"}],"author":[{"embeddable":true,"href":"https:\/\/conecto.ar\/clientes\/wp-json\/wp\/v2\/users\/1"}],"replies":[{"embeddable":true,"href":"https:\/\/conecto.ar\/clientes\/wp-json\/wp\/v2\/comments?post=7274"}],"version-history":[{"count":0,"href":"https:\/\/conecto.ar\/clientes\/wp-json\/wp\/v2\/pages\/7274\/revisions"}],"wp:attachment":[{"href":"https:\/\/conecto.ar\/clientes\/wp-json\/wp\/v2\/media?parent=7274"}],"curies":[{"name":"wp","href":"https:\/\/api.w.org\/{rel}","templated":true}]}}